{"id":765,"date":"2018-07-23T13:35:54","date_gmt":"2018-07-23T13:35:54","guid":{"rendered":"http:\/\/www.carbontt.com\/?page_id=765"},"modified":"2021-10-13T13:35:41","modified_gmt":"2021-10-13T12:35:41","slug":"datenschutz","status":"publish","type":"page","link":"https:\/\/www.carbontt.com\/en\/homepage\/datenschutz\/","title":{"rendered":"Datenschutz"},"content":{"rendered":"<div id=\"pl-765\"  class=\"panel-layout\" ><div id=\"pg-765-0\"  class=\"panel-grid panel-has-style\" ><div style=\"padding: 100px 0; \" data-overlay=\"true\" class=\"panel-row-style panel-row-style-for-765-0\" ><div id=\"pgc-765-0-0\"  class=\"panel-grid-cell\" ><div id=\"panel-765-0-0-0\" class=\"so-panel widget_sow-editor panel-first-child panel-last-child\" data-index=\"0\" ><div\n\t\t\t\n\t\t\tclass=\"so-widget-sow-editor so-widget-sow-editor-base\"\n\t\t\t\n\t\t>\n<div class=\"siteorigin-widget-tinymce textwidget\">\n\t<p>Datenschutzerkl\u00e4rung<br \/> 1. Allgemeine Angaben<br \/> a. Kontakt<br \/> Wenn Sie Fragen oder Anregungen zu diesen Informationen haben oder sich wegen der Geltendmachung Ihrer Rechte an uns wenden m\u00f6chten, richten Sie Ihre Anfrage bitte an<\/p>\n<p>CARBON TRUCK &amp; TRAILER GMBH<br \/> Julius-Leber-Weg 37 | 21684 Stade | Deutschland<br \/> Phone +49 4141 6909608<br \/> Email info@carbontt.com<\/p>\n<p>b. Allgemeine Angaben zur Datenverarbeitung<br \/> Bei der Nutzung dieser Website kann es zu einer Verarbeitung von personenbezogenen Daten kommen. Der datenschutzrechtliche Begriff \u201epersonenbezogene Daten\u201c bezeichnet dabei alle Informationen, die sich auf einen bestimmten oder bestimmbaren Menschen beziehen.Auch die IP-Adresse kann so ein personenbezogenes Datum sein. Eine IP-Adresse wird jedem mit dem Internet verbundenen Ger\u00e4t durch den Internetprovider zugewiesen, damit es Daten senden und empfangen kann. Bei der Nutzung der Website erfassen wir Informationen, die Sie selbst bereitstellen. Au\u00dferdem werden w\u00e4hrend Ihres Besuchs auf der Website automatisch bestimmte Informationen \u00fcber Ihre Nutzung der Website durch uns erfasst.<\/p>\n<p>Wir verarbeiten personenbezogene Daten unter Beachtung der einschl\u00e4gigen Datenschutzvorschriften, insbesondere der DSGVO und des BDSG. Eine Datenverarbeitung durch uns findet nur auf der Grundlage einer gesetzlichen Erlaubnis statt. Bei der Nutzung dieser Website verarbeiten wir personenbezogene Daten nur mit Ihrer Einwilligung (Art. 6 Abs. 1 Buchst. a) DSGVO), zur Erf\u00fcllung eines Vertrags, dessen Vertragspartei Sie sind, oder auf Ihre Anfrage zur Durchf\u00fchrung vorvertraglicher Ma\u00dfnahmen (Art. 6 Abs. 1 Buchst. b) DSGVO), zur Erf\u00fcllung einer rechtlichen Verpflichtung (Art. 6 Abs.1 Buchst. c) DSGVO) oder wenn die Verarbeitung zu Wahrung unser berechtigten Interessen oder den berechtigten Interessen eines Dritten erforderlich ist, sofern nicht Ihre Interessen oder Grundrechte und Grundfreiheiten, die den Schutz personenbezogener Daten erfordern, \u00fcberwiegen (Art. 6 Abs. 1 S Buchst. f) DSGVO). Wenn Sie sich auf eine offene Stelle in unserem Unternehmen bewerben, verarbeiten wir Ihre personenbezogenen Daten au\u00dferdem zur Entscheidung \u00fcber die Begr\u00fcndung eines Besch\u00e4ftigungsverh\u00e4ltnisses (\u00a7 26 Abs. 1 S. 1 BDSG).<\/p>\n<p>c. Dauer der Speicherung<br \/> Sofern sich aus den folgenden Hinweisen nichts anderes ergibt, speichern wir die Daten nur solange, wie es zur Erreichung des Verarbeitungszwecks oder f\u00fcr die Erf\u00fcllung unserer vertraglichen oder gesetzlichen Pflichten erforderlich ist. Solche gesetzlichen Aufbewahrungspflichten k\u00f6nnen sich insbesondere aus handels- oder steuerrechtlichen Vorschriften ergeben.<\/p>\n<p>d. Technische Dienstleister<br \/> Sofern sich aus den folgenden Hinweisen nichts anderes ergibt, erfolgt die Verarbeitung der Daten auf den Servern technischer Dienstleister, die hierzu durch uns beauftragt wurden. Diese Dienstleister verarbeiten die Daten nur nach ausdr\u00fccklicher Weisung und sind vertraglich zur Gew\u00e4hrleistung von hinreichenden technischen und organisatorischen Ma\u00dfnahmen zum Datenschutz verpflichtet.<\/p>\n<p>2. Verarbeitung von Server-Log-Files<br \/> Bei der rein informativen Nutzung unserer Website werden zun\u00e4chst automatisiert (also nicht \u00fcber eine Registrierung) allgemeine Informationen gespeichert, die Ihr Browser an unseren Server \u00fcbermittelt. Hierzu z\u00e4hlen standardm\u00e4\u00dfig: Browsertyp\/ -version, verwendetes Betriebssystem, aufgerufene Seite, die zuvor besuchte Seite (Referrer URL), IP-Adresse, Datum und Uhrzeit der Serveranfrage und HTTP-Statuscode.<\/p>\n<p>Die Verarbeitung erfolgt zur Wahrung unserer berechtigten Interessen und beruht auf der Rechtsgrundlage des Art. 6 Abs. 1 Buchst. f) DSGVO. Diese Verarbeitung dient der technischen Verwaltung und der Sicherheit der Website. Die in Acces-Log-Files gespeicherten Daten \u00fcber Zugriffe auf die Website werden nach sechzig Tagen, alle \u00fcbrigen in Log-Files gespeicherten Daten nach sieben Tagen gel\u00f6scht, wenn nicht aufgrund konkreter Anhaltspunkte ein berechtigter Verdacht auf eine rechtswidrige Nutzung besteht und eine weitere Pr\u00fcfung und Verarbeitung der Informationen aus diesem Grund erforderlich ist. All \u00fcbrigen in Log-Files gespeicherten Daten werden<\/p>\n<p>3. Newsletter\u00fcber Mailchimp<br \/> a. An- und Abmeldung<br \/> Wir bieten auf unserer Website die M\u00f6glichkeit an, sich f\u00fcr unsere Newsletter anzumelden. Nach der Anmeldung werden wir Sie regelm\u00e4\u00dfig \u00fcber aktuelle Neuigkeiten zu unseren Angeboten informieren. F\u00fcr die Anmeldung zum Newsletter ist eine g\u00fcltige E-Mail-Adresse erforderlich. Zur Verifizierung der E-Mail-Adresse erhalten Sie zun\u00e4chst eine Anmelde-E-Mail, die Sie \u00fcber einen Link best\u00e4tigen m\u00fcssen (Double Opt-In). Wenn Sie den Newsletter auf unserer Webseite abonnieren, verarbeiten wir personenbezogene Daten wie Ihre E-Mail-Adresse und Ihren Namen auf Grundlage der von Ihnen erteilten Einwilligung. Die Verarbeitung beruht auf der Rechtsgrundlage des Art. 6 Abs. 1 Buchst. a) DSGVO.<\/p>\n<p>Die erteilte Einwilligung k\u00f6nnen Sie jederzeit mit Wirkung f\u00fcr die Zukunft widerrufen, etwa \u00fcber den \u201eAustragen\u201c-Link im Newsletter oder indem Sie uns \u00fcber die oben genannten Kan\u00e4le kontaktieren. Die Rechtm\u00e4\u00dfigkeit der bereits erfolgten Datenverarbeitungsvorg\u00e4nge bleibt vom Widerruf unber\u00fchrt<\/p>\n<p>Bei der Anmeldung zum Newsletter speichern wir ferner die IP-Adresse sowie das Datum und die Uhrzeit der Anmeldung. Die Verarbeitung dieser Daten ist erforderlich, um eine erteilte Einwilligung nachweisen zu k\u00f6nnen. Die Rechtsgrundlage ergibt sich aus unserer rechtlichen Verpflichtung zur Dokumentation Ihrer Einwilligung (Art. 6 Abs. 1 Buchst. c)) i.V.m. Art. 7 Abs. 1 DSGVO).<\/p>\n<p>b. Analyse<br \/> Wir analysieren au\u00dferdem das Leseverhalten und die \u00d6ffnungsraten unseres Newsletters. Hierzu werden Nutzungsdaten von uns erhoben und verarbeitet.<br \/> Rechtsgrundlage f\u00fcr die Analyse unseres Newsletters ist Art. 6 Abs. 1 Buchst. f) DSGVO und die Verarbeitung dient unserem berechtigten Interesse an der Optimierung unseres Newsletters. Sie k\u00f6nnen dem jederzeit widersprechen, indem Sie sich an einen der oben genannten Kontaktkan\u00e4le wenden.<\/p>\n<p>c. Dienstleister MailChimp<br \/> F\u00fcr den Newsletter-Versand nutzen wir den Dienst MailChimp der The Rocket Science Group LLC d\/b\/a MailChimp (675 Ponce De Leon Ave NE, Suite 5000 Atlanta, Georgia 30308, USA, \u201eMailChimp\u201c). Die Verarbeitung beruht auf der Rechtsgrundlage des Art. 6 Abs. 1 Buchst. f9 DSGVOund dient unserem berechtigten Interesse an der Optimierung und wirtschaftlichen Versendung unseres Newsletters.Wenn Sie nicht m\u00f6chten, dass Ihre Daten durch MailChimp verarbeitet werden, sollten Sie sich nicht zum Newsletter anmelden oder sich wieder von ihm abmelden.<\/p>\n<p>The Rocket Science Group LLC d\/b\/a MailChimpist unter dem EU-US Privacy Shield zertifiziert und bietet hierdurch ein angemessenes Datenschutzniveau gem\u00e4\u00df Art. 45 DSGVO(https:\/\/www.privacyshield.gov\/participant?id=a2zt0000000TO6hAAG&amp;status=Active).<\/p>\n<p>4. Bewerbung<br \/> Wenn Sie sich bei unserem Unternehmen bewerben, verarbeiten wir Ihre Bewerbungsdaten ausschlie\u00dflich zu Zwecken, die im Zusammenhang mit Ihrem Interesse an einer aktuellen oder zuk\u00fcnftigen Besch\u00e4ftigung bei uns und der Bearbeitung Ihrer Bewerbung stehen. Ihre Bewerbung wird nur von den relevanten Ansprechpartnern bei uns bearbeitet und zur Kenntnis genommen. Alle mit der Datenverarbeitung betrauten Mitarbeiter sind verpflichtet, die Vertraulichkeit Ihrer Daten zu wahren.<\/p>\n<p>Sollten wir Ihnen keine Besch\u00e4ftigung anbieten k\u00f6nnen, werden wir die von Ihnen \u00fcbermittelten Daten bis zu sechs Monate nach einer etwaigen Ablehnung f\u00fcr den Zweck aufbewahren, Fragen im Zusammenhang mit Ihrer Bewerbung und Ablehnung zu beantworten. Dies gilt nicht, sofern gesetzliche Bestimmungen einer L\u00f6schung entgegenstehen, die weitere Speicherung zum Zwecke der Beweisf\u00fchrung erforderlich ist oder Sie einer l\u00e4ngeren Speicherung ausdr\u00fccklich zugestimmt haben.<\/p>\n<p>Rechtsgrundlage f\u00fcr die Datenverarbeitung ist 26 Abs. 1 S. 1 BDSG. Sollten wir Ihre Bewerberdaten \u00fcber die Dauer von sechs Monaten aufbewahren und haben Sie darin ausdr\u00fccklich eingewilligt, weisen wir Sie darauf hin, dass diese Einwilligung jederzeit gem\u00e4\u00df Art. 7 Abs. 3 DSGVO freiwiderruflichist. Durch einen solchen Widerruf wird die Rechtm\u00e4\u00dfigkeit der Verarbeitung, die bis zum Widerruf aufgrund der Einwilligung erfolgt ist, nicht ber\u00fchrt.<\/p>\n<p>5. Cookies<br \/> Wir verwenden auf unserer Website Cookies. Bei Cookies handelt es sich um kleine Textdateien, die durch Ihren Browser gespeichert werden, wenn Sie eine Website besuchen. Hierdurch wird der verwendete Browser gekennzeichnet und kann durch unseren Webserver wiedererkannt werden.<\/p>\n<p>Dabei verwenden wir insbesondere dauerhafte Cookies (\u201ePersistent Cookies\u201c). Diese Cookies werden automatisiert nach einer vorgegebenen Dauer gel\u00f6scht, die sich je nach Cookie unterscheiden kann.<\/p>\n<p>Sofern es durch diese Verwendung von Cookies zu einer Verarbeitung personenbezogener Daten kommt, beruht diese auf der Rechtsgrundlage des Art. 6 Abs.1 Buchst. f) DSGVO. Diese Verarbeitung dient unserem berechtigten Interesse, unsere Website nutzerfreundlicher, effektiver sowie sicherer zu machen.<\/p>\n<p>Sie k\u00f6nnen die Cookies in den Sicherheitseinstellungen Ihres Browsers jederzeit l\u00f6schen. Sie k\u00f6nnen der Verwendung von Cookies durch Ihre Browsereinstellungen grunds\u00e4tzlich widersprechen.<\/p>\n<p>Weitere Informationen hierzu bietet Ihnen das Bundesamt f\u00fcr Sicherheit in der Informationstechnik unter https:\/\/www.bsi-fuer-buerger.de\/BSIFB\/DE\/Empfehlungen\/EinrichtungSoftware\/EinrichtungBrowser\/Sicherheitsmassnahmen\/Cookies\/cookies_node.html.<\/p>\n<p>6. Google Analytics<br \/> Wir verwenden zur Auswertung unser Website-Besuche den Dienst Google Analytics der Google LLC (1600 Amphitheatre Parkway, Mountain View, CA 94043, USA; \u201eGoogle\u201c) ein. Google verwendet Cookies, die eine Analyse Ihrer Benutzung unserer Website erm\u00f6glichen. Die durch das Cookie erzeugten Informationen \u00fcber die Benutzung unserer Website durch die Nutzer werden in der Regel an einen Server von Google in den USA \u00fcbertragen und dort gespeichert. Google wird diese Informationen in unserem Auftrag benutzen, um die Nutzung unseres Onlineangebotes durch die Nutzer auszuwerten, um Reports \u00fcber die Aktivit\u00e4ten innerhalb unserer Website zusammenzustellen und um weitere, mit der Nutzung unserer Website und der Internetnutzung verbundene Dienstleistungen, uns gegen\u00fcber zu erbringen. Dabei k\u00f6nnen aus den verarbeiteten Daten pseudonyme Nutzungsprofile der Nutzer erstellt werden.<\/p>\n<p>Wir setzen Google Analytics nur mit aktivierter IP-Anonymisierung ein. Das bedeutet, die IP-Adresse der Nutzer wird von Google innerhalb von Mitgliedstaaten der Europ\u00e4ischen Union oder in anderen Vertragsstaaten des Abkommens \u00fcber den Europ\u00e4ischen Wirtschaftsraum gek\u00fcrzt. Nur in Ausnahmef\u00e4llen wird die volle IP-Adresse an einen Server von Google in den USA \u00fcbertragen und dort gek\u00fcrzt.<\/p>\n<p>Die von dem Browser des Nutzers \u00fcbermittelte IP-Adresse wird nicht mit anderen Daten von Google zusammengef\u00fchrt. Die Nutzer k\u00f6nnen die Speicherung der Cookies durch eine entsprechende Einstellung ihrer Browser-Software verhindern.<\/p>\n<p>Rechtsgrundlage f\u00fcr die Datenverarbeitungen im Zusammenhang mit dem Dienst Google Analytics ist Art. 6 Abs. 1 Buchst. f) DSGVO und die Verarbeitungen dienen dem berechtigten Interesse der Analyse des Nutzerverhaltens auf unserer Website und der damit m\u00f6glichen bedarfsgerechten Gestaltung.<\/p>\n<p>Sie k\u00f6nnen die Speicherung der Cookies durch eine entsprechende Einstellung Ihrer Browser-Software verhindern. Sie k\u00f6nnen die Erfassung der durch das Cookie erzeugten Informationen au\u00dferdem verhindern, indem Sie das unter folgendem Link verf\u00fcgbare Browser-Plugin herunterladen und installieren: http:\/\/tools.google.com\/dlpage\/gaoptout?hl=de. Sofern Sie unsere Website \u00fcber ein mobiles Endger\u00e4t besuchen, k\u00f6nnen Sie Google Analytics durch Klick auf diesen Link deaktivieren.<\/p>\n<p>Google ist unter dem EU-US Privacy Shield zertifiziert und bietet hierdurch ein angemessenes Datenschutzniveau gem\u00e4\u00df Art. 45 DSGVO (https:\/\/www.privacyshield.gov\/participant?id=a2zt000000001L5AAI&amp;status=Active).<\/p>\n<p>7. Jetpack\/Wordpress.com-stats<br \/> Dieses Angebot nutzt Jetpack, ein Tool zur statistischen Auswertung der Besucherzugriffe, betrieben von der Firma Automattic Inc. (132 Hawthorne Street San Francisco, CA 94107, USA, \u201eAutomattic\u201c), unter Einsatz der Trackingtechnologie der Firma Quantcast Inc. (201 3rd St, Floor 2, San Francisco, CA 94103-3153, USA). WordPress.com-Stats verwendet sog. \u201eCookies\u201c, Textdateien, die auf Ihrem Computer gespeichert werden und die eine Analyse der Benutzung der Webseite durch Sie erm\u00f6glichen. Die durch den Cookie erzeugten Informationen \u00fcber Ihre Benutzung dieses Internetangebotes werden auf einem Server in den USA gespeichert. Die IP-Adresse wird sofort nach der Verarbeitung und vor deren Speicherung anonymisiert.<\/p>\n<p>Rechtsgrundlage f\u00fcr die Datenverarbeitungen im Zusammenhang mit dem Dienst Jetpack ist Art. 6 Abs. 1 Buchst. f) DSGVO und die Verarbeitungen dienen dem berechtigten Interesse der Analyse des Nutzerverhaltens auf unserer Website und der damit m\u00f6glichen bedarfsgerechten Gestaltung.<\/p>\n<p>Sie k\u00f6nnen die Installation der Cookies durch eine entsprechende Einstellung Ihrer Browser Software verhindern. Sie k\u00f6nnen der Erhebung und Nutzung der Daten durch Quantcast mit Wirkung f\u00fcr die Zukunft widersprechen, indem Sie unter der Adresse http:\/\/www.quantcast.com\/opt-outdurch die Auswahl \u201eOpt Out\u201c einen sog. Opt-Out-Cookie setzen. Sollten Sie alle Cookies auf Ihrem Rechner l\u00f6schen, m\u00fcssen Sie das Opt-Out-Cookie erneut setzen.<\/p>\n<p>Automattic ist unter dem EU-US Privacy Shield zertifiziert und bietet hierdurch ein angemessenes Datenschutzniveau gem\u00e4\u00df Art. 45 DSGVO (https:\/\/www.privacyshield.gov\/participant?id=a2zt0000000CbqcAAC&amp;status=Active).<\/p>\n<p>8. Google Ad Services<br \/> Wir nutzen auf unserer Website Marketing und Remarketing Services der Google LLC (1600 Amphitheatre Parkway, Mountain View, CA 94043, USA; \u201eGoogle\u201c).Diese Services erm\u00f6glichen uns, Werbeanzeigen gezielter anzuzeigen, um Nutzern interessengerechte Anzeigen zu pr\u00e4sentieren. \u00dcber das Remarketing werden dabei Nutzern Anzeigen und Produkte angezeigt, f\u00fcr die auf anderen Websites im Google Netzwerk Interesse festgestellt wurde. Zu diesen Zwecken wird bei Aufruf unserer Website durch Google ein Code ausgef\u00fchrt und es werden sog. (Re)marketing-Tags in die Website eingebunden. Mit deren Hilfe wird auf dem Ger\u00e4t der Nutzer ein individuelles Cookie, d.h. eine kleine Datei abgespeichert (statt Cookies k\u00f6nnen auch vergleichbare Technologien verwendet werden). Die Cookies k\u00f6nnen von verschiedenen Domains gesetzt werden, unter anderem von google.com, doubleclick.net, invitemedia.com, admeld.com, googlesyndication.com oder googleadservices.com. In dieser Datei wird vermerkt, welche Websites Nutzer aufgesucht haben, f\u00fcr welche Inhalte sie sich interessieren und welche Angebote genutzt wurden. Dar\u00fcber hinaus werden technische Informationen zum Browser und Betriebssystem, verweisende Websites, Besuchszeit sowie weitere Angaben zur Nutzung des Onlineangebotes gespeichert. Es wird ebenfalls die IP-Adresse der Nutzer erfasst, wobei wir im Rahmen von Google-Analytics mitteilen, dass die IP-Adresse innerhalb von Mitgliedstaaten der Europ\u00e4ischen Union oder in anderen Vertragsstaaten des Abkommens \u00fcber den Europ\u00e4ischen Wirtschaftsraum gek\u00fcrzt wird.<\/p>\n<p>Alle Nutzerdaten werden nur als pseudonyme Daten verarbeitet. Google speichert somit keine Namen oder E-Mail-Adressen. Alle dargestellten Anzeigen werden somit nicht gezielt f\u00fcr eine Person, sondern f\u00fcr den Inhaber des Cookies angezeigt. Diese Informationen werden von Google gesammelt und an Server in die USA \u00fcbermittelt und dort gespeichert.<\/p>\n<p>Zu den von uns eingesetzten Google Marketing-Services geh\u00f6rt u.a. das Online-Werbeprogramm Google AdWords. Im Fall von Google AdWords erh\u00e4lt jeder AdWords-Kunde ein anderes Conversion-Cookie. Diese Cookies k\u00f6nnen somit nicht \u00fcber die Websites von verschiedenen AdWords-Kunden nachverfolgt werden. Die mit Hilfe des Cookies eingeholten Informationen dienen dazu, Conversion-Statistiken f\u00fcr AdWords-Kunden zu erstellen, die sich f\u00fcr Conversion-Tracking entschieden haben. Die AdWords-Kunden erfahren die Gesamtanzahl der Nutzer, die auf ihre Anzeige geklickt haben und zu einer mit einem Conversion-Tracking-Tag versehenen Seite weitergeleitet wurden. Sie erhalten jedoch keine Informationen, mit denen sich Nutzer pers\u00f6nlich identifizieren lassen.<\/p>\n<p>Wir k\u00f6nnen auf Grundlage des Google Marketing Services DoubleClick-Werbeanzeigen Dritter einbinden. DoubleClick verwendet Cookies, mit denen Google und seinen Partner-Websites, die Schaltung von Anzeigen auf Basis der Besuche von Nutzern auf dieser Website bzw. anderen Websites im Internet erm\u00f6glicht wird.<\/p>\n<p>Die Verwendung der Google-Dienste erfolgt \u00fcber den Tag-Manager von Google. Weitere Informationen zur Datennutzung zu Marketingzwecken durch Google, erfahren Sie auf der \u00dcbersichtsseite: https:\/\/www.google.com\/policies\/technologies\/ads, die Datenschutzerkl\u00e4rung von Google ist unter https:\/\/www.google.com\/policies\/privacy abrufbar.<\/p>\n<p>Rechtsgrundlage f\u00fcr die Nutzung dieses Dienstes ist Art. 6 Abs. 1 Buchst. f) DSGVO. Wenn Sie der interessensbezogenen Werbung durch Google-Marketing-Services widersprechen m\u00f6chten, k\u00f6nnen Sie die von Google gestellten Einstellungs- und Opt-Out-M\u00f6glichkeiten nutzen: https:\/\/adssettings.google.com\/.<\/p>\n<p>Google ist unter dem EU-US Privacy Shield zertifiziert und bietet hierdurch ein angemessenes Datenschutzniveau gem\u00e4\u00df Art. 45 DSGVO (https:\/\/www.privacyshield.gov\/participant?id=a2zt000000001L5AAI&amp;status=Active).<\/p>\n<p>9. Eingebundene Dienste und Inhalte Dritter<br \/> Wir nutzen auf unserer Website durch Drittanbieter bereitgestellte Dienste, Services und Inhalte (nachfolgend zusammenfassend als \u201eInhalte\u201c bezeichnet). F\u00fcr eine solche Einbindung ist eine Verarbeitung Ihrer IP-Adresse technisch notwendig, damit die Inhalte an Ihren Browser gesendet werden k\u00f6nnen. Ihre IP-Adresse wird daher an die jeweiligen Drittanbieter \u00fcbermittelt.<\/p>\n<p>Diese Datenverarbeitungen erfolgen jeweils zur Wahrung unserer berechtigten Interessen an der Optimierung und dem wirtschaftlichen Betrieb unserer Website und beruhen auf der Rechtsgrundlage des Art. 6 Abs. 1 Buchst. f) DSGVO.<\/p>\n<p>Zur Einbindung der Inhalte wird regelm\u00e4\u00dfig die Programmiersprache JavaScriptverwendet. Sie k\u00f6nnen der Datenverarbeitung daher widersprechen, indem Sie die Ausf\u00fchrung von JavaScript in Ihrem Browser deaktivieren oder einen JavaScript-Blocker installieren. Bitte beachten Sie, dass es hierdurch zu Funktionseinschr\u00e4nkungen auf der Website kommen kann.<\/p>\n<p>Wir haben in unsere Website Inhalte der folgenden durch Drittanbieter bereitgestellten Dienste eingebunden:<\/p>\n<p>Dienste der Google LLC (1600 Amphitheatre Parkway, Mountain View, CA 94043, USA; \u201eGoogle\u201c):<\/p>\n<p>\u2013 \u201eGoogle-Maps\u201c zur Anzeige von Landkarten;<\/p>\n<p>\u2013 \u201eGoogle Web Fonts\u201c zur Darstellung von Schriften.<\/p>\n<p>Google ist unter dem EU-US Privacy Shield zertifiziert und bietet hierdurch ein angemessenes Datenschutzniveau gem\u00e4\u00df Art. 45 DSGVO (https:\/\/www.privacyshield.gov\/participant?id=a2zt000000001L5AAI&amp;status=Active).<\/p>\n<p>\u201eTypekit\u201c des Drittanbieters Adobe Systems Inc. (345 Park Avenue, San Jose, CA 95110-2704, USA, \u201eAdobe\u201c) zur Darstellung von Schriften.<\/p>\n<p>Adobe ist unter dem EU-US Privacy Shield zertifiziert und bietet hierdurch ein angemessenes Datenschutzniveau gem\u00e4\u00df Art. 45 DSGVO (https:\/\/www.privacyshield.gov\/participant?id=a2zt0000000TNo9AAG&amp;status=Active).<\/p>\n<p>10. Ihre Rechte<br \/> Als betroffene Person haben Sie das Recht, uns gegen\u00fcber Ihre Betroffenenrechte geltend zu machen. Dabei haben Sie insbesondere die folgenden Rechte:<\/p>\n<p>Sie haben nach Ma\u00dfgabe des Art. 15 DSGVO und \u00a7 34 BDSG das Recht, Auskunft dar\u00fcber zu verlangen, ob und gegebenenfalls in welchen Umfang wir personenbezogene Daten zu Ihrer Person verarbeiten oder nicht.<br \/> Sie haben das Recht, nach Ma\u00dfgabe des Art. 16 DSGVO von uns die Berichtigung Ihrer Daten zu verlangen.<br \/> Sie haben das Recht, nach Ma\u00dfgabe des Art. 17 DSGVO und \u00a7 35 BDSG von uns die L\u00f6schung Ihrer personenbezogenen Daten zu verlangen.<br \/> Sie haben das Recht, nach Ma\u00dfgabe des Art. 18 DSGVO die Verarbeitung Ihrer personenbezogenen Daten einschr\u00e4nken zu lassen.<br \/> Sie haben das Recht, nach Ma\u00dfgabe des Art. 20 DSGVO die Sie betreffenden personenbezogenen Daten, die Sie uns bereitgestellt haben, in einem strukturierten, g\u00e4ngigen und maschinenlesbaren Format zu erhalten, und diese Daten einem anderen Verantwortlichen zu \u00fcbermitteln.<br \/> 11. Widerspruchsrecht<br \/> Sie haben nach Ma\u00dfgabe des Art. 21 DSGVO das Recht, gegen jede Verarbeitung, die auf der Rechtsgrundlage des Art. 6 Abs. 1 Buchst. e) oder f) DSGVO beruht, Widerspruch einzulegen. Sofern durch uns personenbezogene Daten \u00fcber Sie zum Zweck der Direktwerbung verarbeitet werden, k\u00f6nnen Sie gegen diese Verarbeitung gem. Art. 21 Abs. 2 und Abs. 3 DSGVO Widerspruch einlegen.<\/p>\n<p>12. Widerruf der Einwilligung<br \/> Sofern Sie uns eine gesonderte Einwilligung in die Datenverarbeitung erteilt haben, k\u00f6nnen Sie diese Einwilligung nach Ma\u00dfgabe des Art. 7 Abs. 3 DSGVO jederzeit widerrufen. Durch einen solchen Widerruf wird die Rechtm\u00e4\u00dfigkeit der Verarbeitung, die bis zum Widerruf aufgrund der Einwilligung erfolgt ist, nicht ber\u00fchrt.<\/p>\n<p>13. Datenschutzbeauftragter<br \/> Sie erreichen unseren Datenschutzbeauftragten unter folgenden Kontaktdaten:<\/p>\n<p>datenschutz@carbontt.com<\/p>\n<p>14. Beschwerde bei einer Aufsichtsbeh\u00f6rde<br \/> Wenn Sie der Ansicht sind, dass eine Verarbeitung der Sie betreffenden personenbezogenen Daten gegen die Bestimmungen der DSGVO verst\u00f6\u00dft, haben Sie nach Ma\u00dfgabe des Art. 77 DSGVO das Recht auf Beschwerde bei einer Aufsichtsbeh\u00f6rde.<\/p>\n<p>Stand: Mai 2018<\/p>\n<\/div>\n<\/div><\/div><\/div><\/div><\/div><\/div>","protected":false},"excerpt":{"rendered":"<p>Datenschutzerkl\u00e4rung 1. Allgemeine Angaben a. Kontakt Wenn Sie Fragen oder Anregungen zu diesen Informationen haben oder sich wegen der Geltendmachung Ihrer Rechte [&hellip;]<\/p>\n","protected":false},"author":1,"featured_media":0,"parent":5,"menu_order":0,"comment_status":"closed","ping_status":"closed","template":"page-templates\/page_fullwidth.php","meta":{"_editorskit_title_hidden":false,"_editorskit_reading_time":0,"_editorskit_is_block_options_detached":false,"_editorskit_block_options_position":"{}","editor_plus_copied_stylings":"{}","footnotes":""},"class_list":["post-765","page","type-page","status-publish","hentry"],"translation":{"provider":"WPGlobus","version":"3.0.2","language":"en","enabled_languages":["de","en"],"languages":{"de":{"title":true,"content":true,"excerpt":false},"en":{"title":false,"content":false,"excerpt":false}}},"_links":{"self":[{"href":"https:\/\/www.carbontt.com\/en\/wp-json\/wp\/v2\/pages\/765","targetHints":{"allow":["GET"]}}],"collection":[{"href":"https:\/\/www.carbontt.com\/en\/wp-json\/wp\/v2\/pages"}],"about":[{"href":"https:\/\/www.carbontt.com\/en\/wp-json\/wp\/v2\/types\/page"}],"author":[{"embeddable":true,"href":"https:\/\/www.carbontt.com\/en\/wp-json\/wp\/v2\/users\/1"}],"replies":[{"embeddable":true,"href":"https:\/\/www.carbontt.com\/en\/wp-json\/wp\/v2\/comments?post=765"}],"version-history":[{"count":6,"href":"https:\/\/www.carbontt.com\/en\/wp-json\/wp\/v2\/pages\/765\/revisions"}],"predecessor-version":[{"id":5438,"href":"https:\/\/www.carbontt.com\/en\/wp-json\/wp\/v2\/pages\/765\/revisions\/5438"}],"up":[{"embeddable":true,"href":"https:\/\/www.carbontt.com\/en\/wp-json\/wp\/v2\/pages\/5"}],"wp:attachment":[{"href":"https:\/\/www.carbontt.com\/en\/wp-json\/wp\/v2\/media?parent=765"}],"curies":[{"name":"wp","href":"https:\/\/api.w.org\/{rel}","templated":true}]}}