{"id":80,"date":"2016-08-24T10:28:15","date_gmt":"2016-08-24T10:28:15","guid":{"rendered":"http:\/\/wp2.carbontt.com\/?page_id=80"},"modified":"2022-10-25T13:31:06","modified_gmt":"2022-10-25T11:31:06","slug":"impressum","status":"publish","type":"page","link":"https:\/\/www.carbontt.com\/en\/impressum\/","title":{"rendered":""},"content":{"rendered":"<div id=\"pl-80\"  class=\"panel-layout\" ><div id=\"pg-80-0\"  class=\"panel-grid panel-has-style\" ><div style=\"padding: 100px 0; \" data-overlay=\"true\" class=\"panel-row-style panel-row-style-for-80-0\" ><div id=\"pgc-80-0-0\"  class=\"panel-grid-cell\" ><div id=\"panel-80-0-0-0\" class=\"so-panel widget_sow-editor panel-first-child panel-last-child\" data-index=\"0\" ><div style=\"text-align: left;\" data-title-color=\"#443f3f\" data-headings-color=\"#443f3f\" class=\"panel-widget-style panel-widget-style-for-80-0-0-0\" ><div\n\t\t\t\n\t\t\tclass=\"so-widget-sow-editor so-widget-sow-editor-base\"\n\t\t\t\n\t\t><h3 class=\"widget-title\">Impressum<\/h3>\n<div class=\"siteorigin-widget-tinymce textwidget\">\n\t<p><span style=\"color: #84bc27;\">Betreiber<\/span><\/p>\n<p><strong>Carbon Truck &amp; Trailer GmbH<\/strong><\/p>\n<p><span style=\"color: #84bc27;\">Postanschrift\u00a0<\/span><\/p>\n<p>Alter Postweg 15, 21614 Buxtehude, Deutschland<\/p>\n<p><span style=\"color: #84bc27;\">Kontakt<\/span><\/p>\n<p>Email. info@carbontt.com<\/p>\n<p>Phone. +49 4141 788 5500<\/p>\n<p><span style=\"color: #84bc27;\">Handelregister<\/span><\/p>\n<p>Amtsgericht\u00a0Tostedt,\u00a0HRB 203751<\/p>\n<p><span style=\"color: #84bc27;\">Finanzamt<\/span><\/p>\n<p>Stade, UST-ID-Nr. DE 286886051<\/p>\n<p><span style=\"color: #84bc27;\">Vertreten durch die Gesch\u00e4ftsf\u00fchrer\u00a0<\/span><\/p>\n<p>Gerret Kalkoffen (Vorsitzender) &amp Dr. Gernot Kalkoffen <\/p>\n<p>&nbsp;<\/p>\n<ol>\n<li>Inhalt des Onlineangebotes<\/li>\n<\/ol>\n<p>Die Carbon Truck &amp; Trailer GmbH \u00fcbernimmt keinerlei Gew\u00e4hr f\u00fcr die Aktualit\u00e4t, Korrektheit, Vollst\u00e4ndigkeit oder Qualit\u00e4t der bereitgestellten Informationen. Haftungsanspr\u00fcche gegen den Autor, welche sich auf Sch\u00e4den materieller oder ideeller Art beziehen, die durch die Nutzung oder Nichtnutzung der dargebotenen Informationen bzw. durch die Nutzung fehlerhafter und unvollst\u00e4ndiger Informationen verursacht wurden, sind grunds\u00e4tzlich ausgeschlossen. Die\u00a0Carbon Truck &amp; Trailer GmbH beh\u00e4lt es sich ausdr\u00fccklich vor, Teile der Seiten oder das gesamte Angebot ohne gesonderte Ank\u00fcndigung zu ver\u00e4ndern, zu erg\u00e4nzen, zu l\u00f6schen oder die Ver\u00f6ffentlichung zeitweise oder endg\u00fcltig einzustellen.<\/p>\n<ol start=\"2\">\n<li>Externe Links<\/li>\n<\/ol>\n<p>Mit Urteil\u00a0312 O 85\/98 hat das Landgericht Hamburg entschieden, dass man durch die Ausbringung eines Links die Inhalte der gelinkten Seite gegebenenfalls mit zu verantworten hat. Dies kann nur dadurch verhindert werden, dass man sich ausdr\u00fccklich von diesen Inhalten distanziert. F\u00fcr all diese Links gilt: die\u00a0Carbon Truck &amp; Trailer GmbH hat keinerlei Einfluss auf die Gestaltung und die Inhalte der gelinkten Seiten und distanziert sich hiermit ausdr\u00fccklich von allen Inhalten aller gelinkten Seiten auf dieser Homepage und macht sich ihre Inhalte nicht zu eigen.<\/p>\n<ol start=\"3\">\n<li>Datenschutz<\/li>\n<\/ol>\n<p>Sofern innerhalb des Internetangebotes die M\u00f6glichkeit zur Eingabe pers\u00f6nlicher oder gesch\u00e4ftlicher Daten (Emailadressen, Namen, Anschriften) besteht, so erfolgt die Preisgabe dieser Daten seitens des Nutzers auf ausdr\u00fccklich freiwilliger Basis. Die Inanspruchnahme und Bezahlung aller angebotenen Dienste ist \u2013 soweit technisch m\u00f6glich und zumutbar \u2013 auch ohne Angabe solcher Daten bzw. unter Angabe anonymisierter Daten oder eines Pseudonyms gestattet. Die Nutzung der im Rahmen des Impressums oder vergleichbarer Angaben ver\u00f6ffentlichten Kontaktdaten wie Postanschriften, Telefon- und Faxnummern sowie Emailadressen durch Dritte zur \u00dcbersendung von nicht ausdr\u00fccklich angeforderten Informationen ist nicht gestattet. Rechtliche Schritte gegen die Versender von sogenannten Spam-Mails bei Verst\u00f6ssen gegen dieses Verbot sind ausdr\u00fccklich vorbehalten.<\/p>\n<ol start=\"4\">\n<li>Urheber- und Kennzeichenrecht<\/li>\n<\/ol>\n<p>Alle innerhalb des Internetangebotes genannten und ggf. durch Dritte gesch\u00fctzten Marken- und Warenzeichen unterliegen uneingeschr\u00e4nkt den Bestimmungen des jeweils g\u00fcltigen Kennzeichenrechts und den Besitzrechten der jeweiligen eingetragenen Eigent\u00fcmer. Allein aufgrund der blossen Nennung ist nicht der Schluss zu ziehen, dass Markenzeichen nicht durch Rechte Dritter gesch\u00fctzt sind. Das Copyright f\u00fcr ver\u00f6ffentlichte, von der\u00a0Carbon Truck &amp; Trailer GmbH\u00a0selbst erstellte Objekte bleibt allein bei der\u00a0Carbon Truck &amp; Trailer GmbH. Eine Vervielf\u00e4ltigung oder Verwendung solcher Grafiken und Texte in anderen elektronischen oder gedruckten Publikationen ist ohne ausdr\u00fcckliche Zustimmung der\u00a0Carbon Truck &amp; Trailer GmbH\u00a0nicht gestattet.<\/p>\n<ol start=\"5\">\n<li>Rechtswirksamkeit dieses Haftungsausschlusses<\/li>\n<\/ol>\n<p>Dieser Haftungsausschluss ist als Teil des Internetangebotes zu betrachten, von dem aus auf diese Seite verwiesen wurde. Sofern Teile oder einzelne Formulierungen dieses Textes der geltenden Rechtslage nicht, nicht mehr oder nicht vollst\u00e4ndig entsprechen sollten, bleiben die \u00fcbrigen Teile des Dokumentes in ihrem Inhalt und ihrer G\u00fcltigkeit davon unber\u00fchrt.<\/p>\n<ol start=\"6\">\n<li>Medienverzeichnis<\/li>\n<\/ol>\n<p><a href=\"https:\/\/commons.wikimedia.org\/wiki\/File:Vertical-axis_wind_turbine_in_the_UK..jpg\">Vertical-axis_wind_turbine_in_the_UK<\/a>: <a href=\"https:\/\/commons.wikimedia.org\/wiki\/File:Vertical-axis_wind_turbine_in_the_UK..jpg\">Munro89<\/a>, <a href=\"http:\/\/&lt;https:\/\/creativecommons.org\/licenses\/by-sa\/4.0&gt;\">CC BY-SA 4.0<\/a> , via Wikimedia Commons<\/p>\n<p>&nbsp;<\/p>\n<p>Diese In\u00adter\u00adnet\u00adpr\u00e4\u00adsenz wurde realisiert mit Hilfe von <a href=\"https:\/\/wordpress.org\/\" target=\"_blank\" rel=\"noopener\">WordPress<\/a> und <a href=\"http:\/\/athemes.com\/theme\/sydney\/\" target=\"_blank\" rel=\"noopener\">Sydney Theme<\/a>.<\/p>\n<\/div>\n<\/div><\/div><\/div><\/div><\/div><\/div><\/div>","protected":false},"excerpt":{"rendered":"<p>Betreiber Carbon Truck &amp; Trailer GmbH Postanschrift\u00a0 Alter Postweg 15, 21614 Buxtehude, Deutschland Kontakt Email. info@carbontt.com Phone. +49 4141 788 5500 Handelregister [&hellip;]<\/p>\n","protected":false},"author":1,"featured_media":0,"parent":0,"menu_order":0,"comment_status":"closed","ping_status":"closed","template":"page-templates\/page_front-page.php","meta":{"_editorskit_title_hidden":false,"_editorskit_reading_time":0,"_editorskit_is_block_options_detached":false,"_editorskit_block_options_position":"{}","editor_plus_copied_stylings":"{}"},"translation":{"provider":"WPGlobus","version":"2.10.4","language":"en","enabled_languages":["de","en"],"languages":{"de":{"title":false,"content":true,"excerpt":false},"en":{"title":false,"content":false,"excerpt":false}}},"_links":{"self":[{"href":"https:\/\/www.carbontt.com\/en\/wp-json\/wp\/v2\/pages\/80"}],"collection":[{"href":"https:\/\/www.carbontt.com\/en\/wp-json\/wp\/v2\/pages"}],"about":[{"href":"https:\/\/www.carbontt.com\/en\/wp-json\/wp\/v2\/types\/page"}],"author":[{"embeddable":true,"href":"https:\/\/www.carbontt.com\/en\/wp-json\/wp\/v2\/users\/1"}],"replies":[{"embeddable":true,"href":"https:\/\/www.carbontt.com\/en\/wp-json\/wp\/v2\/comments?post=80"}],"version-history":[{"count":58,"href":"https:\/\/www.carbontt.com\/en\/wp-json\/wp\/v2\/pages\/80\/revisions"}],"predecessor-version":[{"id":5246,"href":"https:\/\/www.carbontt.com\/en\/wp-json\/wp\/v2\/pages\/80\/revisions\/5246"}],"wp:attachment":[{"href":"https:\/\/www.carbontt.com\/en\/wp-json\/wp\/v2\/media?parent=80"}],"curies":[{"name":"wp","href":"https:\/\/api.w.org\/{rel}","templated":true}]}}